{"id":968,"date":"2020-07-31T11:38:13","date_gmt":"2020-07-31T11:38:13","guid":{"rendered":"http:\/\/weaving-europe.silknow.eu\/?page_id=968"},"modified":"2020-10-23T14:43:45","modified_gmt":"2020-10-23T14:43:45","slug":"organizers","status":"publish","type":"page","link":"https:\/\/weaving-europe.silknow.eu\/index.php\/organizers\/","title":{"rendered":"Organizers"},"content":{"rendered":"\n<h3 class=\"wp-block-heading\"><strong>Scientific Committee<\/strong><\/h3>\n\n\n\n<ul class=\"wp-block-list\"><li>Ester Alba Pag\u00e1n . Universitat de Val\u00e8ncia<\/li><li>Ricardo Franch Benavent. Universitat de Val\u00e8ncia<\/li><li>Maurizio Vitella. Universit\u00e0 de Palermo<\/li><li>Gemma Mar\u00eda Contreras Zamorano. IVACOR<\/li><li>Dunja Mladeni\u0107. Institut Jozef Stefan<\/li><li>Inmaculada Coma Tatay. Universitat de Val\u00e8ncia<\/li><li>Javier Sevilla Peris. Universitat de Val\u00e8ncia<\/li><li>Pierre Vernus. Centre National de la Recherche Scientifique \u2013Universit\u00e9 Lumi\u00e8re Lyon II<\/li><li>Franz Rottensteiner. Gottfried Wilheim Leibniz Universitaet<\/li><li>Marie-V\u00e9ronique Leroi. Charg\u00e9e de mission Web s\u00e9mantique, Ministry of Culture, France<\/li><li>Rapha\u00ebl Troncy. EURECOM<\/li><\/ul>\n\n\n\n<h3 class=\"wp-block-heading\"><strong>Organizing Committee<\/strong><\/h3>\n\n\n\n<ul class=\"wp-block-list\"><li>Ester Alba Pag\u00e1n . Universitat de Val\u00e8ncia<\/li><li>Jorge Sebasti\u00e1n Lozano. Universitat de Val\u00e8ncia<\/li><li>Cristina Portal\u00e9s Ricart. Universitat de Val\u00e8ncia<\/li><li>Mar Gait\u00e1n Salvatella. Universitat de Val\u00e8ncia<\/li><li>Eliseu Mart\u00ednez Roig.Universitat de Val\u00e8ncia<\/li><li>Marcos Fern\u00e1ndez Mar\u00edn.Universitat de Val\u00e8ncia<\/li><li>Arabella Le\u00f3n Mu\u00f1oz. Gar\u00edn 1820<\/li><\/ul>\n","protected":false},"excerpt":{"rendered":"<p>Scientific Committee Ester Alba Pag\u00e1n . Universitat de Val\u00e8ncia Ricardo Franch Benavent. Universitat de Val\u00e8ncia Maurizio Vitella. Universit\u00e0 de Palermo Gemma Mar\u00eda Contreras Zamorano. IVACOR Dunja Mladeni\u0107. Institut Jozef Stefan Inmaculada Coma Tatay. Universitat de Val\u00e8ncia Javier Sevilla Peris. Universitat de Val\u00e8ncia Pierre Vernus. Centre National de la Recherche Scientifique \u2013Universit\u00e9 Lumi\u00e8re Lyon II Franz &hellip; <\/p>\n","protected":false},"author":1,"featured_media":0,"parent":0,"menu_order":0,"comment_status":"closed","ping_status":"closed","template":"","meta":{"footnotes":""},"class_list":["post-968","page","type-page","status-publish","hentry","latest_post"],"_links":{"self":[{"href":"https:\/\/weaving-europe.silknow.eu\/index.php\/wp-json\/wp\/v2\/pages\/968","targetHints":{"allow":["GET"]}}],"collection":[{"href":"https:\/\/weaving-europe.silknow.eu\/index.php\/wp-json\/wp\/v2\/pages"}],"about":[{"href":"https:\/\/weaving-europe.silknow.eu\/index.php\/wp-json\/wp\/v2\/types\/page"}],"author":[{"embeddable":true,"href":"https:\/\/weaving-europe.silknow.eu\/index.php\/wp-json\/wp\/v2\/users\/1"}],"replies":[{"embeddable":true,"href":"https:\/\/weaving-europe.silknow.eu\/index.php\/wp-json\/wp\/v2\/comments?post=968"}],"version-history":[{"count":4,"href":"https:\/\/weaving-europe.silknow.eu\/index.php\/wp-json\/wp\/v2\/pages\/968\/revisions"}],"predecessor-version":[{"id":1070,"href":"https:\/\/weaving-europe.silknow.eu\/index.php\/wp-json\/wp\/v2\/pages\/968\/revisions\/1070"}],"wp:attachment":[{"href":"https:\/\/weaving-europe.silknow.eu\/index.php\/wp-json\/wp\/v2\/media?parent=968"}],"curies":[{"name":"wp","href":"https:\/\/api.w.org\/{rel}","templated":true}]}}